{"id":29,"date":"2022-04-14T09:30:58","date_gmt":"2022-04-14T12:30:58","guid":{"rendered":"http:\/\/projetos.corabrandstudio.com\/aimeesemijoias\/?page_id=29"},"modified":"2022-04-24T17:54:24","modified_gmt":"2022-04-24T20:54:24","slug":"reembolso_devolucoes","status":"publish","type":"page","link":"https:\/\/projetos.corabrandstudio.com\/aimeesemijoias\/reembolso_devolucoes\/","title":{"rendered":"Pol\u00edtica de reembolso e devolu\u00e7\u00f5es"},"content":{"rendered":"\t\t<div data-elementor-type=\"wp-page\" data-elementor-id=\"29\" class=\"elementor elementor-29\" data-elementor-post-type=\"page\">\n\t\t\t\t\t\t<section class=\"elementor-section elementor-top-section elementor-element elementor-element-d4ebe7d elementor-section-boxed elementor-section-height-default elementor-section-height-default\" data-id=\"d4ebe7d\" data-element_type=\"section\">\n\t\t\t\t\t\t<div class=\"elementor-container elementor-column-gap-default\">\n\t\t\t\t\t<div class=\"elementor-column elementor-col-100 elementor-top-column elementor-element elementor-element-cf2ebd1\" data-id=\"cf2ebd1\" data-element_type=\"column\">\n\t\t\t<div class=\"elementor-widget-wrap elementor-element-populated\">\n\t\t\t\t\t\t<div class=\"elementor-element elementor-element-278de47 elementor-widget elementor-widget-heading\" data-id=\"278de47\" data-element_type=\"widget\" data-widget_type=\"heading.default\">\n\t\t\t\t<div class=\"elementor-widget-container\">\n\t\t\t<style>\/*! elementor - v3.21.0 - 30-04-2024 *\/\n.elementor-heading-title{padding:0;margin:0;line-height:1}.elementor-widget-heading .elementor-heading-title[class*=elementor-size-]>a{color:inherit;font-size:inherit;line-height:inherit}.elementor-widget-heading .elementor-heading-title.elementor-size-small{font-size:15px}.elementor-widget-heading .elementor-heading-title.elementor-size-medium{font-size:19px}.elementor-widget-heading .elementor-heading-title.elementor-size-large{font-size:29px}.elementor-widget-heading .elementor-heading-title.elementor-size-xl{font-size:39px}.elementor-widget-heading .elementor-heading-title.elementor-size-xxl{font-size:59px}<\/style><h2 class=\"elementor-heading-title elementor-size-default\">Pol\u00edtica de Garantia<\/h2>\t\t<\/div>\n\t\t\t\t<\/div>\n\t\t\t\t\t<\/div>\n\t\t<\/div>\n\t\t\t\t\t<\/div>\n\t\t<\/section>\n\t\t\t\t<section class=\"elementor-section elementor-top-section elementor-element elementor-element-7eaf51a elementor-section-boxed elementor-section-height-default elementor-section-height-default\" data-id=\"7eaf51a\" data-element_type=\"section\">\n\t\t\t\t\t\t<div class=\"elementor-container elementor-column-gap-default\">\n\t\t\t\t\t<div class=\"elementor-column elementor-col-100 elementor-top-column elementor-element elementor-element-7eb982b6\" data-id=\"7eb982b6\" data-element_type=\"column\">\n\t\t\t<div class=\"elementor-widget-wrap elementor-element-populated\">\n\t\t\t\t\t\t<div class=\"elementor-element elementor-element-4682c4ba elementor-widget elementor-widget-text-editor\" data-id=\"4682c4ba\" data-element_type=\"widget\" data-widget_type=\"text-editor.default\">\n\t\t\t\t<div class=\"elementor-widget-container\">\n\t\t\t<style>\/*! elementor - v3.21.0 - 30-04-2024 *\/\n.elementor-widget-text-editor.elementor-drop-cap-view-stacked .elementor-drop-cap{background-color:#69727d;color:#fff}.elementor-widget-text-editor.elementor-drop-cap-view-framed .elementor-drop-cap{color:#69727d;border:3px solid;background-color:transparent}.elementor-widget-text-editor:not(.elementor-drop-cap-view-default) .elementor-drop-cap{margin-top:8px}.elementor-widget-text-editor:not(.elementor-drop-cap-view-default) .elementor-drop-cap-letter{width:1em;height:1em}.elementor-widget-text-editor .elementor-drop-cap{float:left;text-align:center;line-height:1;font-size:50px}.elementor-widget-text-editor .elementor-drop-cap-letter{display:inline-block}<\/style>\t\t\t\t<!-- wp:paragraph -->\n<h5><span>Vis\u00e3o geral<\/span><\/h5>\n<p><span>Nossa pol\u00edtica de reembolso e devolu\u00e7\u00f5es dura 30 dias.\u00a0Se 30 dias se passaram desde a sua compra, n\u00e3o podemos oferecer um reembolso total ou troca.<\/span><\/p>\n<p><span>Para ser eleg\u00edvel para uma devolu\u00e7\u00e3o, seu item deve estar sem uso e nas mesmas condi\u00e7\u00f5es em que voc\u00ea o recebeu.\u00a0Tamb\u00e9m deve estar na embalagem original.<\/span><\/p>\n<p><span>Itens adicionais n\u00e3o retorn\u00e1veis:<\/span><\/p>\n<ul>\n<li><span>Cart\u00f5es de presente<\/span><\/li>\n<li><span>Produtos de promo\u00e7\u00e3o<\/span><\/li>\n<\/ul>\n<h5>Reembolsos<\/h5>\n<p><span>Assim que sua devolu\u00e7\u00e3o for recebida e inspecionada, enviaremos um e-mail para notific\u00e1-lo de que recebemos seu item devolvido.\u00a0Tamb\u00e9m o notificaremos da aprova\u00e7\u00e3o ou rejei\u00e7\u00e3o do seu reembolso.<\/span><\/p>\n<p><span>Se voc\u00ea for aprovado, seu reembolso ser\u00e1 processado e um cr\u00e9dito ser\u00e1 aplicado automaticamente ao seu cart\u00e3o de cr\u00e9dito ou m\u00e9todo de pagamento original, dentro de um determinado per\u00edodo de dias.<\/span><\/p>\n<h5>Reembolsos atrasados \u200b\u200bou ausentes<\/h5>\n<p><span>Se voc\u00ea ainda n\u00e3o recebeu um reembolso, primeiro verifique sua conta banc\u00e1ria novamente.<\/span><\/p>\n<p><span>Em seguida, entre em contato com sua empresa de cart\u00e3o de cr\u00e9dito, pode levar algum tempo at\u00e9 que seu reembolso seja oficialmente lan\u00e7ado.<\/span><\/p>\n<p><span>Em seguida, entre em contato com seu banco.\u00a0Muitas vezes, h\u00e1 algum tempo de processamento antes que um reembolso seja publicado.<\/span><\/p>\n<h5>Itens \u00e0 venda<\/h5>\n<p><span>Apenas itens com pre\u00e7o normal podem ser reembolsados.\u00a0Os itens de venda n\u00e3o podem ser reembolsados.<\/span><\/p>\n<h5><span>Presentes<\/span><\/h5>\n<p><span>Se o item foi marcado como presente quando comprado e enviado diretamente para voc\u00ea, voc\u00ea receber\u00e1 um cr\u00e9dito de presente no valor de sua devolu\u00e7\u00e3o.\u00a0Assim que o item devolvido for recebido, um vale-presente ser\u00e1 enviado para voc\u00ea.<\/span><\/p>\n<p><span>Se o item n\u00e3o foi marcado como um presente quando comprado, ou o presenteador teve o pedido enviado a si mesmo para entregar a voc\u00ea mais tarde, enviaremos um reembolso ao presenteador e ele saber\u00e1 sobre sua devolu\u00e7\u00e3o.<\/span><\/p>\n<h5><span>Devolu\u00e7\u00f5es de envio<\/span><\/h5>\n<p><span>Para devolver seu produto, voc\u00ea deve enviar seu produto para nosso endere\u00e7o fis\u00edco.<\/span><\/p>\n<p><span>Voc\u00ea ser\u00e1 respons\u00e1vel por pagar seus pr\u00f3prios custos de envio para devolver seu item.\u00a0Os custos de envio n\u00e3o s\u00e3o reembols\u00e1veis.\u00a0Se voc\u00ea receber um reembolso, o custo do frete de devolu\u00e7\u00e3o ser\u00e1 deduzido do seu reembolso.<\/span><\/p>\n<p><span>Dependendo de onde voc\u00ea mora, o tempo que pode levar para o produto trocado chegar at\u00e9 voc\u00ea pode variar.<\/span><\/p>\n<p><span>Se voc\u00ea estiver devolvendo itens mais caros, considere usar um servi\u00e7o de remessa rastre\u00e1vel ou adquirir um seguro de remessa.\u00a0N\u00e3o garantimos que receberemos seu item devolvido.<\/span><\/p>\n<h5><span>Preciso de ajuda?<\/span><\/h5>\n<p><span>Entre em contato pelo nosso e-mail para quest\u00f5es relacionadas com reembolsos e devolu\u00e7\u00f5es.<\/span><\/p>\n<!-- \/wp:paragraph -->\t\t\t\t\t\t<\/div>\n\t\t\t\t<\/div>\n\t\t\t\t\t<\/div>\n\t\t<\/div>\n\t\t\t\t\t<\/div>\n\t\t<\/section>\n\t\t\t\t<\/div>\n\t\t","protected":false},"excerpt":{"rendered":"<p>Pol\u00edtica de Garantia Vis\u00e3o geral Nossa pol\u00edtica de reembolso e devolu\u00e7\u00f5es dura 30 dias.\u00a0Se 30 dias se passaram desde a sua compra, n\u00e3o podemos oferecer um reembolso total ou troca. Para ser eleg\u00edvel para uma devolu\u00e7\u00e3o, seu item deve estar sem uso e nas mesmas condi\u00e7\u00f5es em que voc\u00ea o recebeu.\u00a0Tamb\u00e9m deve estar na embalagem [&hellip;]<\/p>\n","protected":false},"author":1,"featured_media":0,"parent":0,"menu_order":2,"comment_status":"closed","ping_status":"closed","template":"","meta":{"footnotes":""},"_links":{"self":[{"href":"https:\/\/projetos.corabrandstudio.com\/aimeesemijoias\/wp-json\/wp\/v2\/pages\/29"}],"collection":[{"href":"https:\/\/projetos.corabrandstudio.com\/aimeesemijoias\/wp-json\/wp\/v2\/pages"}],"about":[{"href":"https:\/\/projetos.corabrandstudio.com\/aimeesemijoias\/wp-json\/wp\/v2\/types\/page"}],"author":[{"embeddable":true,"href":"https:\/\/projetos.corabrandstudio.com\/aimeesemijoias\/wp-json\/wp\/v2\/users\/1"}],"replies":[{"embeddable":true,"href":"https:\/\/projetos.corabrandstudio.com\/aimeesemijoias\/wp-json\/wp\/v2\/comments?post=29"}],"version-history":[{"count":0,"href":"https:\/\/projetos.corabrandstudio.com\/aimeesemijoias\/wp-json\/wp\/v2\/pages\/29\/revisions"}],"wp:attachment":[{"href":"https:\/\/projetos.corabrandstudio.com\/aimeesemijoias\/wp-json\/wp\/v2\/media?parent=29"}],"curies":[{"name":"wp","href":"https:\/\/api.w.org\/{rel}","templated":true}]}}