{"id":68,"date":"2022-04-14T11:08:51","date_gmt":"2022-04-14T14:08:51","guid":{"rendered":"http:\/\/projetos.corabrandstudio.com\/aimeesemijoias\/?post_type=product&#038;p=68"},"modified":"2022-04-24T14:15:09","modified_gmt":"2022-04-24T17:15:09","slug":"conjunto-stacking","status":"publish","type":"product","link":"https:\/\/projetos.corabrandstudio.com\/aimeesemijoias\/produto\/conjunto-stacking\/","title":{"rendered":"Conjunto Stacking"},"content":{"rendered":"","protected":false},"excerpt":{"rendered":"<p>Conjunto de gargantilhas banhada a Ouro 18k \u00e0 simplicidade de um diamante perfeito o levar\u00e1 a todos os lugares que voc\u00ea quiser.<\/p>\n","protected":false},"featured_media":521,"comment_status":"open","ping_status":"closed","template":"","meta":[],"product_cat":[25,19],"product_tag":[36,35],"_links":{"self":[{"href":"https:\/\/projetos.corabrandstudio.com\/aimeesemijoias\/wp-json\/wp\/v2\/product\/68"}],"collection":[{"href":"https:\/\/projetos.corabrandstudio.com\/aimeesemijoias\/wp-json\/wp\/v2\/product"}],"about":[{"href":"https:\/\/projetos.corabrandstudio.com\/aimeesemijoias\/wp-json\/wp\/v2\/types\/product"}],"replies":[{"embeddable":true,"href":"https:\/\/projetos.corabrandstudio.com\/aimeesemijoias\/wp-json\/wp\/v2\/comments?post=68"}],"wp:featuredmedia":[{"embeddable":true,"href":"https:\/\/projetos.corabrandstudio.com\/aimeesemijoias\/wp-json\/wp\/v2\/media\/521"}],"wp:attachment":[{"href":"https:\/\/projetos.corabrandstudio.com\/aimeesemijoias\/wp-json\/wp\/v2\/media?parent=68"}],"wp:term":[{"taxonomy":"product_cat","embeddable":true,"href":"https:\/\/projetos.corabrandstudio.com\/aimeesemijoias\/wp-json\/wp\/v2\/product_cat?post=68"},{"taxonomy":"product_tag","embeddable":true,"href":"https:\/\/projetos.corabrandstudio.com\/aimeesemijoias\/wp-json\/wp\/v2\/product_tag?post=68"}],"curies":[{"name":"wp","href":"https:\/\/api.w.org\/{rel}","templated":true}]}}