{"id":860,"date":"2022-08-01T19:58:38","date_gmt":"2022-08-01T22:58:38","guid":{"rendered":"http:\/\/projetos.corabrandstudio.com\/anapazzin\/?page_id=860"},"modified":"2022-08-08T11:10:08","modified_gmt":"2022-08-08T14:10:08","slug":"residencia-m","status":"publish","type":"page","link":"https:\/\/projetos.corabrandstudio.com\/anapazzin\/residencia-m\/","title":{"rendered":"Resid\u00eancia M"},"content":{"rendered":"\t\t<div data-elementor-type=\"wp-page\" data-elementor-id=\"860\" class=\"elementor elementor-860\">\n\t\t\t\t\t\t\t\t\t<section class=\"elementor-section elementor-top-section elementor-element elementor-element-6daa0c35 elementor-section-boxed elementor-section-height-default elementor-section-height-default\" data-id=\"6daa0c35\" data-element_type=\"section\">\n\t\t\t\t\t\t<div class=\"elementor-container elementor-column-gap-default\">\n\t\t\t\t\t<div class=\"elementor-column elementor-col-50 elementor-top-column elementor-element elementor-element-6941cf3d\" data-id=\"6941cf3d\" data-element_type=\"column\">\n\t\t\t<div class=\"elementor-widget-wrap elementor-element-populated\">\n\t\t\t\t\t\t\t\t<section class=\"elementor-section elementor-inner-section elementor-element elementor-element-623e4c62 elementor-section-boxed elementor-section-height-default elementor-section-height-default\" data-id=\"623e4c62\" data-element_type=\"section\" data-settings=\"{&quot;sticky&quot;:&quot;top&quot;,&quot;sticky_parent&quot;:&quot;yes&quot;,&quot;sticky_on&quot;:[&quot;desktop&quot;],&quot;sticky_offset&quot;:0,&quot;sticky_effects_offset&quot;:0}\">\n\t\t\t\t\t\t<div class=\"elementor-container elementor-column-gap-default\">\n\t\t\t\t\t<div class=\"elementor-column elementor-col-100 elementor-inner-column elementor-element elementor-element-5f04cca5\" data-id=\"5f04cca5\" data-element_type=\"column\">\n\t\t\t<div class=\"elementor-widget-wrap elementor-element-populated\">\n\t\t\t\t\t\t\t\t<div class=\"elementor-element elementor-element-13b6fbe7 elementor-widget elementor-widget-heading\" data-id=\"13b6fbe7\" data-element_type=\"widget\" data-widget_type=\"heading.default\">\n\t\t\t\t<div class=\"elementor-widget-container\">\n\t\t\t<style>\/*! elementor - v3.16.0 - 20-09-2023 *\/\n.elementor-heading-title{padding:0;margin:0;line-height:1}.elementor-widget-heading .elementor-heading-title[class*=elementor-size-]>a{color:inherit;font-size:inherit;line-height:inherit}.elementor-widget-heading .elementor-heading-title.elementor-size-small{font-size:15px}.elementor-widget-heading .elementor-heading-title.elementor-size-medium{font-size:19px}.elementor-widget-heading .elementor-heading-title.elementor-size-large{font-size:29px}.elementor-widget-heading .elementor-heading-title.elementor-size-xl{font-size:39px}.elementor-widget-heading .elementor-heading-title.elementor-size-xxl{font-size:59px}<\/style><h2 class=\"elementor-heading-title elementor-size-default\">Resid\u00eancia M.<\/h2>\t\t<\/div>\n\t\t\t\t<\/div>\n\t\t\t\t<div class=\"elementor-element elementor-element-7c0d45cd elementor-widget elementor-widget-text-editor\" data-id=\"7c0d45cd\" data-element_type=\"widget\" data-widget_type=\"text-editor.default\">\n\t\t\t\t<div class=\"elementor-widget-container\">\n\t\t\t<style>\/*! elementor - v3.16.0 - 20-09-2023 *\/\n.elementor-widget-text-editor.elementor-drop-cap-view-stacked .elementor-drop-cap{background-color:#69727d;color:#fff}.elementor-widget-text-editor.elementor-drop-cap-view-framed .elementor-drop-cap{color:#69727d;border:3px solid;background-color:transparent}.elementor-widget-text-editor:not(.elementor-drop-cap-view-default) .elementor-drop-cap{margin-top:8px}.elementor-widget-text-editor:not(.elementor-drop-cap-view-default) .elementor-drop-cap-letter{width:1em;height:1em}.elementor-widget-text-editor .elementor-drop-cap{float:left;text-align:center;line-height:1;font-size:50px}.elementor-widget-text-editor .elementor-drop-cap-letter{display:inline-block}<\/style>\t\t\t\t<p>Com a ajuda de um design moderno, criamos um espa\u00e7o inovador e contempor\u00e2neo.<\/p><p>Reimaginamos os espa\u00e7os interiores com uma nova abordagem e materiais de alta qualidade para criar luxuosos interiores.<\/p>\t\t\t\t\t\t<\/div>\n\t\t\t\t<\/div>\n\t\t\t\t<div class=\"elementor-element elementor-element-5f9be11b elementor-widget elementor-widget-text-editor\" data-id=\"5f9be11b\" data-element_type=\"widget\" data-widget_type=\"text-editor.default\">\n\t\t\t\t<div class=\"elementor-widget-container\">\n\t\t\t\t\t\t\t<p><strong>Localiza\u00e7\u00e3o:<\/strong> S\u00e3o Paulo<\/p><p><b>Servi\u00e7os:\u00a0<\/b>Design e Planejamento<\/p>\t\t\t\t\t\t<\/div>\n\t\t\t\t<\/div>\n\t\t\t\t<section class=\"elementor-section elementor-inner-section elementor-element elementor-element-2ab7593c elementor-hidden-tablet elementor-section-boxed elementor-section-height-default elementor-section-height-default\" data-id=\"2ab7593c\" data-element_type=\"section\">\n\t\t\t\t\t\t<div class=\"elementor-container elementor-column-gap-default\">\n\t\t\t\t\t<div class=\"elementor-column elementor-col-50 elementor-inner-column elementor-element elementor-element-406cd5d7\" data-id=\"406cd5d7\" data-element_type=\"column\">\n\t\t\t<div class=\"elementor-widget-wrap elementor-element-populated\">\n\t\t\t\t\t\t\t\t<div class=\"elementor-element elementor-element-265fb836 elementor-widget elementor-widget-text-editor\" data-id=\"265fb836\" data-element_type=\"widget\" data-widget_type=\"text-editor.default\">\n\t\t\t\t<div class=\"elementor-widget-container\">\n\t\t\t\t\t\t\t<p><strong>Compartilhe:<\/strong><\/p>\t\t\t\t\t\t<\/div>\n\t\t\t\t<\/div>\n\t\t\t\t\t<\/div>\n\t\t<\/div>\n\t\t\t\t<div class=\"elementor-column elementor-col-50 elementor-inner-column elementor-element elementor-element-6d3c5f70\" data-id=\"6d3c5f70\" data-element_type=\"column\">\n\t\t\t<div class=\"elementor-widget-wrap elementor-element-populated\">\n\t\t\t\t\t\t\t\t<div class=\"elementor-element elementor-element-0f44390 elementor-icon-list--layout-inline elementor-list-item-link-full_width elementor-widget elementor-widget-icon-list\" data-id=\"0f44390\" data-element_type=\"widget\" data-widget_type=\"icon-list.default\">\n\t\t\t\t<div class=\"elementor-widget-container\">\n\t\t\t<link rel=\"stylesheet\" href=\"http:\/\/projetos.corabrandstudio.com\/anapazzin\/wp-content\/plugins\/elementor\/assets\/css\/widget-icon-list.min.css\">\t\t<ul class=\"elementor-icon-list-items elementor-inline-items\">\n\t\t\t\t\t\t\t<li class=\"elementor-icon-list-item elementor-inline-item\">\n\t\t\t\t\t\t\t\t\t\t\t<span class=\"elementor-icon-list-icon\">\n\t\t\t\t\t\t\t<svg aria-hidden=\"true\" class=\"e-font-icon-svg e-fab-pinterest\" viewBox=\"0 0 496 512\" xmlns=\"http:\/\/www.w3.org\/2000\/svg\"><path d=\"M496 256c0 137-111 248-248 248-25.6 0-50.2-3.9-73.4-11.1 10.1-16.5 25.2-43.5 30.8-65 3-11.6 15.4-59 15.4-59 8.1 15.4 31.7 28.5 56.8 28.5 74.8 0 128.7-68.8 128.7-154.3 0-81.9-66.9-143.2-152.9-143.2-107 0-163.9 71.8-163.9 150.1 0 36.4 19.4 81.7 50.3 96.1 4.7 2.2 7.2 1.2 8.3-3.3.8-3.4 5-20.3 6.9-28.1.6-2.5.3-4.7-1.7-7.1-10.1-12.5-18.3-35.3-18.3-56.6 0-54.7 41.4-107.6 112-107.6 60.9 0 103.6 41.5 103.6 100.9 0 67.1-33.9 113.6-78 113.6-24.3 0-42.6-20.1-36.7-44.8 7-29.5 20.5-61.3 20.5-82.6 0-19-10.2-34.9-31.4-34.9-24.9 0-44.9 25.7-44.9 60.2 0 22 7.4 36.8 7.4 36.8s-24.5 103.8-29 123.2c-5 21.4-3 51.6-.9 71.2C65.4 450.9 0 361.1 0 256 0 119 111 8 248 8s248 111 248 248z\"><\/path><\/svg>\t\t\t\t\t\t<\/span>\n\t\t\t\t\t\t\t\t\t\t<span class=\"elementor-icon-list-text\"><\/span>\n\t\t\t\t\t\t\t\t\t<\/li>\n\t\t\t\t\t\t\t\t<li class=\"elementor-icon-list-item elementor-inline-item\">\n\t\t\t\t\t\t\t\t\t\t\t<span class=\"elementor-icon-list-icon\">\n\t\t\t\t\t\t\t<svg aria-hidden=\"true\" class=\"e-font-icon-svg e-fab-twitter\" viewBox=\"0 0 512 512\" xmlns=\"http:\/\/www.w3.org\/2000\/svg\"><path d=\"M459.37 151.716c.325 4.548.325 9.097.325 13.645 0 138.72-105.583 298.558-298.558 298.558-59.452 0-114.68-17.219-161.137-47.106 8.447.974 16.568 1.299 25.34 1.299 49.055 0 94.213-16.568 130.274-44.832-46.132-.975-84.792-31.188-98.112-72.772 6.498.974 12.995 1.624 19.818 1.624 9.421 0 18.843-1.3 27.614-3.573-48.081-9.747-84.143-51.98-84.143-102.985v-1.299c13.969 7.797 30.214 12.67 47.431 13.319-28.264-18.843-46.781-51.005-46.781-87.391 0-19.492 5.197-37.36 14.294-52.954 51.655 63.675 129.3 105.258 216.365 109.807-1.624-7.797-2.599-15.918-2.599-24.04 0-57.828 46.782-104.934 104.934-104.934 30.213 0 57.502 12.67 76.67 33.137 23.715-4.548 46.456-13.32 66.599-25.34-7.798 24.366-24.366 44.833-46.132 57.827 21.117-2.273 41.584-8.122 60.426-16.243-14.292 20.791-32.161 39.308-52.628 54.253z\"><\/path><\/svg>\t\t\t\t\t\t<\/span>\n\t\t\t\t\t\t\t\t\t\t<span class=\"elementor-icon-list-text\"><\/span>\n\t\t\t\t\t\t\t\t\t<\/li>\n\t\t\t\t\t\t\t\t<li class=\"elementor-icon-list-item elementor-inline-item\">\n\t\t\t\t\t\t\t\t\t\t\t<span class=\"elementor-icon-list-icon\">\n\t\t\t\t\t\t\t<svg aria-hidden=\"true\" class=\"e-font-icon-svg e-fab-facebook-square\" viewBox=\"0 0 448 512\" xmlns=\"http:\/\/www.w3.org\/2000\/svg\"><path d=\"M400 32H48A48 48 0 0 0 0 80v352a48 48 0 0 0 48 48h137.25V327.69h-63V256h63v-54.64c0-62.15 37-96.48 93.67-96.48 27.14 0 55.52 4.84 55.52 4.84v61h-31.27c-30.81 0-40.42 19.12-40.42 38.73V256h68.78l-11 71.69h-57.78V480H400a48 48 0 0 0 48-48V80a48 48 0 0 0-48-48z\"><\/path><\/svg>\t\t\t\t\t\t<\/span>\n\t\t\t\t\t\t\t\t\t\t<span class=\"elementor-icon-list-text\"><\/span>\n\t\t\t\t\t\t\t\t\t<\/li>\n\t\t\t\t\t\t<\/ul>\n\t\t\t\t<\/div>\n\t\t\t\t<\/div>\n\t\t\t\t\t<\/div>\n\t\t<\/div>\n\t\t\t\t\t\t\t<\/div>\n\t\t<\/section>\n\t\t\t\t<section class=\"elementor-section elementor-inner-section elementor-element elementor-element-4b1fcee elementor-hidden-mobile elementor-section-boxed elementor-section-height-default elementor-section-height-default\" data-id=\"4b1fcee\" data-element_type=\"section\">\n\t\t\t\t\t\t<div class=\"elementor-container elementor-column-gap-default\">\n\t\t\t\t\t<div class=\"elementor-column elementor-col-100 elementor-inner-column elementor-element elementor-element-26dd4070\" data-id=\"26dd4070\" data-element_type=\"column\">\n\t\t\t<div class=\"elementor-widget-wrap elementor-element-populated\">\n\t\t\t\t\t\t\t\t<div class=\"elementor-element elementor-element-7dfc098d elementor-widget elementor-widget-button\" data-id=\"7dfc098d\" data-element_type=\"widget\" data-widget_type=\"button.default\">\n\t\t\t\t<div class=\"elementor-widget-container\">\n\t\t\t\t\t<div class=\"elementor-button-wrapper\">\n\t\t\t<a class=\"elementor-button elementor-button-link elementor-size-sm\" href=\"http:\/\/projetos.corabrandstudio.com\/anapazzin\/ape-21\">\n\t\t\t\t\t\t<span class=\"elementor-button-content-wrapper\">\n\t\t\t\t\t\t<span class=\"elementor-button-text\">Pr\u00f3ximo projeto \u2192<\/span>\n\t\t<\/span>\n\t\t\t\t\t<\/a>\n\t\t<\/div>\n\t\t\t\t<\/div>\n\t\t\t\t<\/div>\n\t\t\t\t\t<\/div>\n\t\t<\/div>\n\t\t\t\t\t\t\t<\/div>\n\t\t<\/section>\n\t\t\t\t\t<\/div>\n\t\t<\/div>\n\t\t\t\t\t\t\t<\/div>\n\t\t<\/section>\n\t\t\t\t\t<\/div>\n\t\t<\/div>\n\t\t\t\t<div class=\"elementor-column elementor-col-50 elementor-top-column elementor-element elementor-element-423c28b6\" data-id=\"423c28b6\" data-element_type=\"column\">\n\t\t\t<div class=\"elementor-widget-wrap elementor-element-populated\">\n\t\t\t\t\t\t\t\t<section class=\"elementor-section elementor-inner-section elementor-element elementor-element-22d1175c elementor-section-boxed elementor-section-height-default elementor-section-height-default\" data-id=\"22d1175c\" data-element_type=\"section\">\n\t\t\t\t\t\t<div class=\"elementor-container elementor-column-gap-default\">\n\t\t\t\t\t<div class=\"elementor-column elementor-col-100 elementor-inner-column elementor-element elementor-element-49489b35\" data-id=\"49489b35\" data-element_type=\"column\">\n\t\t\t<div class=\"elementor-widget-wrap elementor-element-populated\">\n\t\t\t\t\t\t\t\t<div class=\"elementor-element elementor-element-c8e761e elementor-widget elementor-widget-image\" data-id=\"c8e761e\" data-element_type=\"widget\" data-widget_type=\"image.default\">\n\t\t\t\t<div class=\"elementor-widget-container\">\n\t\t\t<style>\/*! elementor - v3.16.0 - 20-09-2023 *\/\n.elementor-widget-image{text-align:center}.elementor-widget-image a{display:inline-block}.elementor-widget-image a img[src$=\".svg\"]{width:48px}.elementor-widget-image img{vertical-align:middle;display:inline-block}<\/style>\t\t\t\t\t\t\t\t\t\t\t\t<img decoding=\"async\" width=\"800\" height=\"533\" src=\"https:\/\/projetos.corabrandstudio.com\/anapazzin\/wp-content\/uploads\/2022\/07\/alona-gross-B0IODAGH1Kk-unsplash-1024x682.jpg\" class=\"attachment-large size-large wp-image-250\" alt=\"\" srcset=\"https:\/\/projetos.corabrandstudio.com\/anapazzin\/wp-content\/uploads\/2022\/07\/alona-gross-B0IODAGH1Kk-unsplash-1024x682.jpg 1024w, https:\/\/projetos.corabrandstudio.com\/anapazzin\/wp-content\/uploads\/2022\/07\/alona-gross-B0IODAGH1Kk-unsplash-300x200.jpg 300w, https:\/\/projetos.corabrandstudio.com\/anapazzin\/wp-content\/uploads\/2022\/07\/alona-gross-B0IODAGH1Kk-unsplash-768x512.jpg 768w, https:\/\/projetos.corabrandstudio.com\/anapazzin\/wp-content\/uploads\/2022\/07\/alona-gross-B0IODAGH1Kk-unsplash-1536x1024.jpg 1536w, https:\/\/projetos.corabrandstudio.com\/anapazzin\/wp-content\/uploads\/2022\/07\/alona-gross-B0IODAGH1Kk-unsplash-2048x1365.jpg 2048w, https:\/\/projetos.corabrandstudio.com\/anapazzin\/wp-content\/uploads\/2022\/07\/alona-gross-B0IODAGH1Kk-unsplash-600x400.jpg 600w, https:\/\/projetos.corabrandstudio.com\/anapazzin\/wp-content\/uploads\/2022\/07\/alona-gross-B0IODAGH1Kk-unsplash-64x43.jpg 64w\" sizes=\"(max-width: 800px) 100vw, 800px\" \/>\t\t\t\t\t\t\t\t\t\t\t\t\t\t\t<\/div>\n\t\t\t\t<\/div>\n\t\t\t\t<div class=\"elementor-element elementor-element-fc117ed elementor-widget elementor-widget-image\" data-id=\"fc117ed\" data-element_type=\"widget\" data-widget_type=\"image.default\">\n\t\t\t\t<div class=\"elementor-widget-container\">\n\t\t\t\t\t\t\t\t\t\t\t\t\t\t\t<img decoding=\"async\" width=\"800\" height=\"534\" src=\"https:\/\/projetos.corabrandstudio.com\/anapazzin\/wp-content\/uploads\/2022\/07\/alona-gross-kN0PaaDkzQ8-unsplash-1024x683.jpg\" class=\"attachment-large size-large wp-image-248\" alt=\"\" srcset=\"https:\/\/projetos.corabrandstudio.com\/anapazzin\/wp-content\/uploads\/2022\/07\/alona-gross-kN0PaaDkzQ8-unsplash-1024x683.jpg 1024w, https:\/\/projetos.corabrandstudio.com\/anapazzin\/wp-content\/uploads\/2022\/07\/alona-gross-kN0PaaDkzQ8-unsplash-300x200.jpg 300w, https:\/\/projetos.corabrandstudio.com\/anapazzin\/wp-content\/uploads\/2022\/07\/alona-gross-kN0PaaDkzQ8-unsplash-768x512.jpg 768w, https:\/\/projetos.corabrandstudio.com\/anapazzin\/wp-content\/uploads\/2022\/07\/alona-gross-kN0PaaDkzQ8-unsplash-1536x1024.jpg 1536w, https:\/\/projetos.corabrandstudio.com\/anapazzin\/wp-content\/uploads\/2022\/07\/alona-gross-kN0PaaDkzQ8-unsplash-2048x1366.jpg 2048w, https:\/\/projetos.corabrandstudio.com\/anapazzin\/wp-content\/uploads\/2022\/07\/alona-gross-kN0PaaDkzQ8-unsplash-600x400.jpg 600w, https:\/\/projetos.corabrandstudio.com\/anapazzin\/wp-content\/uploads\/2022\/07\/alona-gross-kN0PaaDkzQ8-unsplash-64x43.jpg 64w\" sizes=\"(max-width: 800px) 100vw, 800px\" \/>\t\t\t\t\t\t\t\t\t\t\t\t\t\t\t<\/div>\n\t\t\t\t<\/div>\n\t\t\t\t<div class=\"elementor-element elementor-element-542b2aba elementor-widget elementor-widget-image\" data-id=\"542b2aba\" data-element_type=\"widget\" data-widget_type=\"image.default\">\n\t\t\t\t<div class=\"elementor-widget-container\">\n\t\t\t\t\t\t\t\t\t\t\t\t\t\t\t<img decoding=\"async\" width=\"1285\" height=\"958\" src=\"https:\/\/projetos.corabrandstudio.com\/anapazzin\/wp-content\/uploads\/2022\/07\/h1-rev-img4.jpg\" class=\"attachment-full size-full wp-image-137\" alt=\"\" srcset=\"https:\/\/projetos.corabrandstudio.com\/anapazzin\/wp-content\/uploads\/2022\/07\/h1-rev-img4.jpg 1285w, https:\/\/projetos.corabrandstudio.com\/anapazzin\/wp-content\/uploads\/2022\/07\/h1-rev-img4-300x224.jpg 300w, https:\/\/projetos.corabrandstudio.com\/anapazzin\/wp-content\/uploads\/2022\/07\/h1-rev-img4-1024x763.jpg 1024w, https:\/\/projetos.corabrandstudio.com\/anapazzin\/wp-content\/uploads\/2022\/07\/h1-rev-img4-768x573.jpg 768w\" sizes=\"(max-width: 1285px) 100vw, 1285px\" \/>\t\t\t\t\t\t\t\t\t\t\t\t\t\t\t<\/div>\n\t\t\t\t<\/div>\n\t\t\t\t\t<\/div>\n\t\t<\/div>\n\t\t\t\t\t\t\t<\/div>\n\t\t<\/section>\n\t\t\t\t\t<\/div>\n\t\t<\/div>\n\t\t\t\t\t\t\t<\/div>\n\t\t<\/section>\n\t\t\t\t<section class=\"elementor-section elementor-top-section elementor-element elementor-element-207d8c5 elementor-section-boxed elementor-section-height-default elementor-section-height-default\" data-id=\"207d8c5\" data-element_type=\"section\">\n\t\t\t\t\t\t<div class=\"elementor-container elementor-column-gap-default\">\n\t\t\t\t\t<div class=\"elementor-column elementor-col-100 elementor-top-column elementor-element elementor-element-9e0bace\" data-id=\"9e0bace\" data-element_type=\"column\">\n\t\t\t<div class=\"elementor-widget-wrap elementor-element-populated\">\n\t\t\t\t\t\t\t\t<div class=\"elementor-element elementor-element-3c758f0 elementor-mobile-align-left elementor-hidden-desktop elementor-hidden-tablet elementor-widget elementor-widget-button\" data-id=\"3c758f0\" data-element_type=\"widget\" data-widget_type=\"button.default\">\n\t\t\t\t<div class=\"elementor-widget-container\">\n\t\t\t\t\t<div class=\"elementor-button-wrapper\">\n\t\t\t<a class=\"elementor-button elementor-button-link elementor-size-sm\" href=\"http:\/\/projetos.corabrandstudio.com\/anapazzin\/ape-21\/\">\n\t\t\t\t\t\t<span class=\"elementor-button-content-wrapper\">\n\t\t\t\t\t\t<span class=\"elementor-button-text\">Pr\u00f3ximo projeto \u2192<\/span>\n\t\t<\/span>\n\t\t\t\t\t<\/a>\n\t\t<\/div>\n\t\t\t\t<\/div>\n\t\t\t\t<\/div>\n\t\t\t\t\t<\/div>\n\t\t<\/div>\n\t\t\t\t\t\t\t<\/div>\n\t\t<\/section>\n\t\t\t\t\t\t\t<\/div>\n\t\t","protected":false},"excerpt":{"rendered":"<p>Resid\u00eancia M. Com a ajuda de um design moderno, criamos um espa\u00e7o inovador e contempor\u00e2neo. Reimaginamos os espa\u00e7os interiores com uma nova abordagem e materiais de alta qualidade para criar luxuosos interiores. Localiza\u00e7\u00e3o: S\u00e3o Paulo Servi\u00e7os:\u00a0Design e Planejamento Compartilhe: Pr\u00f3ximo projeto \u2192 Pr\u00f3ximo projeto \u2192<\/p>\n","protected":false},"author":1,"featured_media":0,"parent":0,"menu_order":0,"comment_status":"closed","ping_status":"closed","template":"","meta":[],"_links":{"self":[{"href":"https:\/\/projetos.corabrandstudio.com\/anapazzin\/wp-json\/wp\/v2\/pages\/860"}],"collection":[{"href":"https:\/\/projetos.corabrandstudio.com\/anapazzin\/wp-json\/wp\/v2\/pages"}],"about":[{"href":"https:\/\/projetos.corabrandstudio.com\/anapazzin\/wp-json\/wp\/v2\/types\/page"}],"author":[{"embeddable":true,"href":"https:\/\/projetos.corabrandstudio.com\/anapazzin\/wp-json\/wp\/v2\/users\/1"}],"replies":[{"embeddable":true,"href":"https:\/\/projetos.corabrandstudio.com\/anapazzin\/wp-json\/wp\/v2\/comments?post=860"}],"version-history":[{"count":3,"href":"https:\/\/projetos.corabrandstudio.com\/anapazzin\/wp-json\/wp\/v2\/pages\/860\/revisions"}],"predecessor-version":[{"id":1841,"href":"https:\/\/projetos.corabrandstudio.com\/anapazzin\/wp-json\/wp\/v2\/pages\/860\/revisions\/1841"}],"wp:attachment":[{"href":"https:\/\/projetos.corabrandstudio.com\/anapazzin\/wp-json\/wp\/v2\/media?parent=860"}],"curies":[{"name":"wp","href":"https:\/\/api.w.org\/{rel}","templated":true}]}}