{"id":16,"date":"2023-05-17T11:15:35","date_gmt":"2023-05-17T14:15:35","guid":{"rendered":"http:\/\/projetos.corabrandstudio.com\/gckbusiness\/?page_id=16"},"modified":"2023-06-01T10:59:16","modified_gmt":"2023-06-01T13:59:16","slug":"artigos","status":"publish","type":"page","link":"https:\/\/projetos.corabrandstudio.com\/gckbusiness\/artigos\/","title":{"rendered":"Artigos"},"content":{"rendered":"\t\t<div data-elementor-type=\"wp-page\" data-elementor-id=\"16\" class=\"elementor elementor-16\">\n\t\t\t\t\t\t\t<div class=\"elementor-element elementor-element-52b4141 e-con-boxed e-flex e-con\" data-id=\"52b4141\" data-element_type=\"container\" data-settings=\"{&quot;background_background&quot;:&quot;classic&quot;,&quot;content_width&quot;:&quot;boxed&quot;}\">\n\t\t\t\t\t<div class=\"e-con-inner\">\n\t\t<div class=\"elementor-element elementor-element-a0feee6 e-con-full e-flex e-con\" data-id=\"a0feee6\" data-element_type=\"container\" data-settings=\"{&quot;content_width&quot;:&quot;full&quot;}\">\n\t\t\t\t<div class=\"elementor-element elementor-element-07a6168 elementor-widget__width-initial elementor-widget elementor-widget-heading\" data-id=\"07a6168\" data-element_type=\"widget\" data-widget_type=\"heading.default\">\n\t\t\t\t<div class=\"elementor-widget-container\">\n\t\t\t<style>\/*! elementor - v3.13.2 - 11-05-2023 *\/\n.elementor-heading-title{padding:0;margin:0;line-height:1}.elementor-widget-heading .elementor-heading-title[class*=elementor-size-]>a{color:inherit;font-size:inherit;line-height:inherit}.elementor-widget-heading .elementor-heading-title.elementor-size-small{font-size:15px}.elementor-widget-heading .elementor-heading-title.elementor-size-medium{font-size:19px}.elementor-widget-heading .elementor-heading-title.elementor-size-large{font-size:29px}.elementor-widget-heading .elementor-heading-title.elementor-size-xl{font-size:39px}.elementor-widget-heading .elementor-heading-title.elementor-size-xxl{font-size:59px}<\/style><h2 class=\"elementor-heading-title elementor-size-default\">\u00daltimas Publica\u00e7\u00f5es<\/h2>\t\t<\/div>\n\t\t\t\t<\/div>\n\t\t\t\t<div class=\"elementor-element elementor-element-ffb23b3 elementor-widget__width-initial elementor-widget-mobile__width-inherit elementor-widget elementor-widget-text-editor\" data-id=\"ffb23b3\" data-element_type=\"widget\" data-widget_type=\"text-editor.default\">\n\t\t\t\t<div class=\"elementor-widget-container\">\n\t\t\t<style>\/*! elementor - v3.13.2 - 11-05-2023 *\/\n.elementor-widget-text-editor.elementor-drop-cap-view-stacked .elementor-drop-cap{background-color:#69727d;color:#fff}.elementor-widget-text-editor.elementor-drop-cap-view-framed .elementor-drop-cap{color:#69727d;border:3px solid;background-color:transparent}.elementor-widget-text-editor:not(.elementor-drop-cap-view-default) .elementor-drop-cap{margin-top:8px}.elementor-widget-text-editor:not(.elementor-drop-cap-view-default) .elementor-drop-cap-letter{width:1em;height:1em}.elementor-widget-text-editor .elementor-drop-cap{float:left;text-align:center;line-height:1;font-size:50px}.elementor-widget-text-editor .elementor-drop-cap-letter{display:inline-block}<\/style>\t\t\t\t<p>Em nosso site, voc\u00ea encontrar\u00e1 uma ampla variedade de artigos que abrangem diversos temas relacionados ao direito ambiental. Confira abaixo nossos \u00faltimos conte\u00fados:<\/p>\t\t\t\t\t\t<\/div>\n\t\t\t\t<\/div>\n\t\t\t\t<\/div>\n\t\t\t\t<div class=\"elementor-element elementor-element-e5d0f1c elementor-align-left elementor-hidden-mobile elementor-widget elementor-widget-button\" data-id=\"e5d0f1c\" data-element_type=\"widget\" data-widget_type=\"button.default\">\n\t\t\t\t<div class=\"elementor-widget-container\">\n\t\t\t\t\t<div class=\"elementor-button-wrapper\">\n\t\t\t<a href=\"#ler\" class=\"elementor-button-link elementor-button elementor-size-sm\" role=\"button\">\n\t\t\t\t\t\t<span class=\"elementor-button-content-wrapper\">\n\t\t\t\t\t\t<span class=\"elementor-button-text\">LEIA AGORA<\/span>\n\t\t<\/span>\n\t\t\t\t\t<\/a>\n\t\t<\/div>\n\t\t\t\t<\/div>\n\t\t\t\t<\/div>\n\t\t\t\t\t<\/div>\n\t\t\t\t<\/div>\n\t\t<div class=\"elementor-element elementor-element-22d3d78 e-con-boxed e-flex e-con\" data-id=\"22d3d78\" data-element_type=\"container\" id=\"ler\" data-settings=\"{&quot;background_background&quot;:&quot;classic&quot;,&quot;content_width&quot;:&quot;boxed&quot;}\">\n\t\t\t\t\t<div class=\"e-con-inner\">\n\t\t<div class=\"elementor-element elementor-element-c2deec0 e-con-full e-flex e-con\" data-id=\"c2deec0\" data-element_type=\"container\" data-settings=\"{&quot;content_width&quot;:&quot;full&quot;}\">\n\t\t\t\t<div class=\"elementor-element elementor-element-3df9b2f animated-slow elementor-grid-3 elementor-grid-tablet-2 elementor-grid-mobile-1 elementor-posts--thumbnail-top elementor-posts__hover-gradient elementor-invisible elementor-widget elementor-widget-posts\" data-id=\"3df9b2f\" data-element_type=\"widget\" id=\"ler\" data-settings=\"{&quot;cards_row_gap&quot;:{&quot;unit&quot;:&quot;px&quot;,&quot;size&quot;:30,&quot;sizes&quot;:[]},&quot;pagination_type&quot;:&quot;numbers&quot;,&quot;_animation&quot;:&quot;fadeIn&quot;,&quot;cards_columns&quot;:&quot;3&quot;,&quot;cards_columns_tablet&quot;:&quot;2&quot;,&quot;cards_columns_mobile&quot;:&quot;1&quot;,&quot;cards_row_gap_tablet&quot;:{&quot;unit&quot;:&quot;px&quot;,&quot;size&quot;:&quot;&quot;,&quot;sizes&quot;:[]},&quot;cards_row_gap_mobile&quot;:{&quot;unit&quot;:&quot;px&quot;,&quot;size&quot;:&quot;&quot;,&quot;sizes&quot;:[]}}\" data-widget_type=\"posts.cards\">\n\t\t\t\t<div class=\"elementor-widget-container\">\n\t\t\t<link rel=\"stylesheet\" href=\"http:\/\/projetos.corabrandstudio.com\/gckbusiness\/wp-content\/plugins\/elementor-pro\/assets\/css\/widget-posts.min.css\">\t\t<div class=\"elementor-posts-container elementor-posts elementor-posts--skin-cards elementor-grid\">\n\t\t\t\t<article class=\"elementor-post elementor-grid-item post-1804 post type-post status-publish format-standard has-post-thumbnail hentry category-uncategorized\">\n\t\t\t<div class=\"elementor-post__card\">\n\t\t\t\t<a class=\"elementor-post__thumbnail__link\" href=\"https:\/\/projetos.corabrandstudio.com\/gckbusiness\/excepteur-sint-occaecat-cupidatat-non-proidentsunt-in-culpa\/\" ><div class=\"elementor-post__thumbnail\"><img width=\"1300\" height=\"650\" src=\"https:\/\/projetos.corabrandstudio.com\/gckbusiness\/wp-content\/uploads\/2023\/05\/artigos-1300x650.png\" class=\"attachment-qi_addons_for_elementor_image_size_landscape size-qi_addons_for_elementor_image_size_landscape wp-image-1800\" alt=\"\" decoding=\"async\" loading=\"lazy\" \/><\/div><\/a>\n\t\t\t\t<div class=\"elementor-post__badge\">Uncategorized<\/div>\n\t\t\t\t<div class=\"elementor-post__text\">\n\t\t\t\t<h3 class=\"elementor-post__title\">\n\t\t\t<a href=\"https:\/\/projetos.corabrandstudio.com\/gckbusiness\/excepteur-sint-occaecat-cupidatat-non-proidentsunt-in-culpa\/\" >\n\t\t\t\tExcepteur sint occaecat cupidatat non proidentsunt in culpa\t\t\t<\/a>\n\t\t<\/h3>\n\t\t\t\t<div class=\"elementor-post__excerpt\">\n\t\t\t<p>Duis aute irure dolor in reprehenderit in voluptate velit esse cillum dolore eu fugiat nulla pariatur<\/p>\n\t\t<\/div>\n\t\t\n\t\t<a class=\"elementor-post__read-more\" href=\"https:\/\/projetos.corabrandstudio.com\/gckbusiness\/excepteur-sint-occaecat-cupidatat-non-proidentsunt-in-culpa\/\" aria-label=\"Read more about Excepteur sint occaecat cupidatat non proidentsunt in culpa\" >\n\t\t\tLeia mais\t\t<\/a>\n\n\t\t\t\t<\/div>\n\t\t\t\t\t<\/div>\n\t\t<\/article>\n\t\t\t\t<article class=\"elementor-post elementor-grid-item post-1801 post type-post status-publish format-standard has-post-thumbnail hentry category-uncategorized\">\n\t\t\t<div class=\"elementor-post__card\">\n\t\t\t\t<a class=\"elementor-post__thumbnail__link\" href=\"https:\/\/projetos.corabrandstudio.com\/gckbusiness\/sed-do-eiusmod-tempor-incididunt-ut-labore-et-dolore-magna-aliqua\/\" ><div class=\"elementor-post__thumbnail\"><img width=\"1300\" height=\"650\" src=\"https:\/\/projetos.corabrandstudio.com\/gckbusiness\/wp-content\/uploads\/2023\/05\/artigos-1300x650.png\" class=\"attachment-qi_addons_for_elementor_image_size_landscape size-qi_addons_for_elementor_image_size_landscape wp-image-1800\" alt=\"\" decoding=\"async\" loading=\"lazy\" \/><\/div><\/a>\n\t\t\t\t<div class=\"elementor-post__badge\">Uncategorized<\/div>\n\t\t\t\t<div class=\"elementor-post__text\">\n\t\t\t\t<h3 class=\"elementor-post__title\">\n\t\t\t<a href=\"https:\/\/projetos.corabrandstudio.com\/gckbusiness\/sed-do-eiusmod-tempor-incididunt-ut-labore-et-dolore-magna-aliqua\/\" >\n\t\t\t\tSed do eiusmod tempor incididunt ut labore et dolore magna aliqua\t\t\t<\/a>\n\t\t<\/h3>\n\t\t\t\t<div class=\"elementor-post__excerpt\">\n\t\t\t<p>Duis aute irure dolor in reprehenderit in voluptate velit esse cillum dolore eu fugiat nulla pariatur<\/p>\n\t\t<\/div>\n\t\t\n\t\t<a class=\"elementor-post__read-more\" href=\"https:\/\/projetos.corabrandstudio.com\/gckbusiness\/sed-do-eiusmod-tempor-incididunt-ut-labore-et-dolore-magna-aliqua\/\" aria-label=\"Read more about Sed do eiusmod tempor incididunt ut labore et dolore magna aliqua\" >\n\t\t\tLeia mais\t\t<\/a>\n\n\t\t\t\t<\/div>\n\t\t\t\t\t<\/div>\n\t\t<\/article>\n\t\t\t\t<article class=\"elementor-post elementor-grid-item post-1802 post type-post status-publish format-standard has-post-thumbnail hentry category-uncategorized\">\n\t\t\t<div class=\"elementor-post__card\">\n\t\t\t\t<a class=\"elementor-post__thumbnail__link\" href=\"https:\/\/projetos.corabrandstudio.com\/gckbusiness\/excepteur-sint-occaecat-cupidatat-non-proident-sunt-in-culpa-qui-officia\/\" ><div class=\"elementor-post__thumbnail\"><img width=\"1300\" height=\"650\" src=\"https:\/\/projetos.corabrandstudio.com\/gckbusiness\/wp-content\/uploads\/2023\/05\/artigos-1300x650.png\" class=\"attachment-qi_addons_for_elementor_image_size_landscape size-qi_addons_for_elementor_image_size_landscape wp-image-1800\" alt=\"\" decoding=\"async\" loading=\"lazy\" \/><\/div><\/a>\n\t\t\t\t<div class=\"elementor-post__badge\">Uncategorized<\/div>\n\t\t\t\t<div class=\"elementor-post__text\">\n\t\t\t\t<h3 class=\"elementor-post__title\">\n\t\t\t<a href=\"https:\/\/projetos.corabrandstudio.com\/gckbusiness\/excepteur-sint-occaecat-cupidatat-non-proident-sunt-in-culpa-qui-officia\/\" >\n\t\t\t\tExcepteur sint occaecat cupidatat non proident, sunt in culpa qui officia\t\t\t<\/a>\n\t\t<\/h3>\n\t\t\t\t<div class=\"elementor-post__excerpt\">\n\t\t\t<p>Duis aute irure dolor in reprehenderit in voluptate velit esse cillum dolore eu fugiat nulla pariatur<\/p>\n\t\t<\/div>\n\t\t\n\t\t<a class=\"elementor-post__read-more\" href=\"https:\/\/projetos.corabrandstudio.com\/gckbusiness\/excepteur-sint-occaecat-cupidatat-non-proident-sunt-in-culpa-qui-officia\/\" aria-label=\"Read more about Excepteur sint occaecat cupidatat non proident, sunt in culpa qui officia\" >\n\t\t\tLeia mais\t\t<\/a>\n\n\t\t\t\t<\/div>\n\t\t\t\t\t<\/div>\n\t\t<\/article>\n\t\t\t\t<article class=\"elementor-post elementor-grid-item post-1803 post type-post status-publish format-standard has-post-thumbnail hentry category-uncategorized\">\n\t\t\t<div class=\"elementor-post__card\">\n\t\t\t\t<a class=\"elementor-post__thumbnail__link\" href=\"https:\/\/projetos.corabrandstudio.com\/gckbusiness\/ut-enim-ad-minim-veniam-quis-nostrud-exercitation-ullamco\/\" ><div class=\"elementor-post__thumbnail\"><img width=\"1300\" height=\"650\" src=\"https:\/\/projetos.corabrandstudio.com\/gckbusiness\/wp-content\/uploads\/2023\/05\/artigos-1300x650.png\" class=\"attachment-qi_addons_for_elementor_image_size_landscape size-qi_addons_for_elementor_image_size_landscape wp-image-1800\" alt=\"\" decoding=\"async\" loading=\"lazy\" \/><\/div><\/a>\n\t\t\t\t<div class=\"elementor-post__badge\">Uncategorized<\/div>\n\t\t\t\t<div class=\"elementor-post__text\">\n\t\t\t\t<h3 class=\"elementor-post__title\">\n\t\t\t<a href=\"https:\/\/projetos.corabrandstudio.com\/gckbusiness\/ut-enim-ad-minim-veniam-quis-nostrud-exercitation-ullamco\/\" >\n\t\t\t\tUt enim ad minim veniam, quis nostrud exercitation ullamco\t\t\t<\/a>\n\t\t<\/h3>\n\t\t\t\t<div class=\"elementor-post__excerpt\">\n\t\t\t<p>Duis aute irure dolor in reprehenderit in voluptate velit esse cillum dolore eu fugiat nulla pariatur<\/p>\n\t\t<\/div>\n\t\t\n\t\t<a class=\"elementor-post__read-more\" href=\"https:\/\/projetos.corabrandstudio.com\/gckbusiness\/ut-enim-ad-minim-veniam-quis-nostrud-exercitation-ullamco\/\" aria-label=\"Read more about Ut enim ad minim veniam, quis nostrud exercitation ullamco\" >\n\t\t\tLeia mais\t\t<\/a>\n\n\t\t\t\t<\/div>\n\t\t\t\t\t<\/div>\n\t\t<\/article>\n\t\t\t\t<article class=\"elementor-post elementor-grid-item post-1805 post type-post status-publish format-standard has-post-thumbnail hentry category-uncategorized\">\n\t\t\t<div class=\"elementor-post__card\">\n\t\t\t\t<a class=\"elementor-post__thumbnail__link\" href=\"https:\/\/projetos.corabrandstudio.com\/gckbusiness\/duis-aute-irure-dolor-in-reprehenderit-in-voluptate-velit\/\" ><div class=\"elementor-post__thumbnail\"><img width=\"1300\" height=\"650\" src=\"https:\/\/projetos.corabrandstudio.com\/gckbusiness\/wp-content\/uploads\/2023\/05\/artigos-1300x650.png\" class=\"attachment-qi_addons_for_elementor_image_size_landscape size-qi_addons_for_elementor_image_size_landscape wp-image-1800\" alt=\"\" decoding=\"async\" loading=\"lazy\" \/><\/div><\/a>\n\t\t\t\t<div class=\"elementor-post__badge\">Uncategorized<\/div>\n\t\t\t\t<div class=\"elementor-post__text\">\n\t\t\t\t<h3 class=\"elementor-post__title\">\n\t\t\t<a href=\"https:\/\/projetos.corabrandstudio.com\/gckbusiness\/duis-aute-irure-dolor-in-reprehenderit-in-voluptate-velit\/\" >\n\t\t\t\tDuis aute irure dolor in reprehenderit in voluptate velit\t\t\t<\/a>\n\t\t<\/h3>\n\t\t\t\t<div class=\"elementor-post__excerpt\">\n\t\t\t<p>Duis aute irure dolor in reprehenderit in voluptate velit esse cillum dolore eu fugiat nulla pariatur<\/p>\n\t\t<\/div>\n\t\t\n\t\t<a class=\"elementor-post__read-more\" href=\"https:\/\/projetos.corabrandstudio.com\/gckbusiness\/duis-aute-irure-dolor-in-reprehenderit-in-voluptate-velit\/\" aria-label=\"Read more about Duis aute irure dolor in reprehenderit in voluptate velit\" >\n\t\t\tLeia mais\t\t<\/a>\n\n\t\t\t\t<\/div>\n\t\t\t\t\t<\/div>\n\t\t<\/article>\n\t\t\t\t<article class=\"elementor-post elementor-grid-item post-696 post type-post status-publish format-standard has-post-thumbnail hentry category-uncategorized\">\n\t\t\t<div class=\"elementor-post__card\">\n\t\t\t\t<a class=\"elementor-post__thumbnail__link\" href=\"https:\/\/projetos.corabrandstudio.com\/gckbusiness\/lorem-ipsum-dolor-sit-amet-consectetur-adipiscing-elit\/\" ><div class=\"elementor-post__thumbnail\"><img width=\"1300\" height=\"650\" src=\"https:\/\/projetos.corabrandstudio.com\/gckbusiness\/wp-content\/uploads\/2023\/05\/artigos-1300x650.png\" class=\"attachment-qi_addons_for_elementor_image_size_landscape size-qi_addons_for_elementor_image_size_landscape wp-image-1800\" alt=\"\" decoding=\"async\" loading=\"lazy\" \/><\/div><\/a>\n\t\t\t\t<div class=\"elementor-post__badge\">Uncategorized<\/div>\n\t\t\t\t<div class=\"elementor-post__text\">\n\t\t\t\t<h3 class=\"elementor-post__title\">\n\t\t\t<a href=\"https:\/\/projetos.corabrandstudio.com\/gckbusiness\/lorem-ipsum-dolor-sit-amet-consectetur-adipiscing-elit\/\" >\n\t\t\t\tLorem ipsum dolor sit amet, consectetur adipiscing elit\t\t\t<\/a>\n\t\t<\/h3>\n\t\t\t\t<div class=\"elementor-post__excerpt\">\n\t\t\t<p>Duis aute irure dolor in reprehenderit in voluptate velit esse cillum dolore eu fugiat nulla pariatur<\/p>\n\t\t<\/div>\n\t\t\n\t\t<a class=\"elementor-post__read-more\" href=\"https:\/\/projetos.corabrandstudio.com\/gckbusiness\/lorem-ipsum-dolor-sit-amet-consectetur-adipiscing-elit\/\" aria-label=\"Read more about Lorem ipsum dolor sit amet, consectetur adipiscing elit\" >\n\t\t\tLeia mais\t\t<\/a>\n\n\t\t\t\t<\/div>\n\t\t\t\t\t<\/div>\n\t\t<\/article>\n\t\t\t\t<\/div>\n\t\t\n\t\t\t\t<\/div>\n\t\t\t\t<\/div>\n\t\t\t\t<\/div>\n\t\t\t\t\t<\/div>\n\t\t\t\t<\/div>\n\t\t\t\t\t\t\t<\/div>\n\t\t","protected":false},"excerpt":{"rendered":"<p>\u00daltimas Publica\u00e7\u00f5es Em nosso site, voc\u00ea encontrar\u00e1 uma ampla variedade de artigos que abrangem diversos temas relacionados ao direito ambiental. Confira abaixo nossos \u00faltimos conte\u00fados: LEIA AGORA<\/p>\n","protected":false},"author":1,"featured_media":0,"parent":0,"menu_order":0,"comment_status":"closed","ping_status":"closed","template":"elementor_header_footer","meta":[],"_links":{"self":[{"href":"https:\/\/projetos.corabrandstudio.com\/gckbusiness\/wp-json\/wp\/v2\/pages\/16"}],"collection":[{"href":"https:\/\/projetos.corabrandstudio.com\/gckbusiness\/wp-json\/wp\/v2\/pages"}],"about":[{"href":"https:\/\/projetos.corabrandstudio.com\/gckbusiness\/wp-json\/wp\/v2\/types\/page"}],"author":[{"embeddable":true,"href":"https:\/\/projetos.corabrandstudio.com\/gckbusiness\/wp-json\/wp\/v2\/users\/1"}],"replies":[{"embeddable":true,"href":"https:\/\/projetos.corabrandstudio.com\/gckbusiness\/wp-json\/wp\/v2\/comments?post=16"}],"version-history":[{"count":155,"href":"https:\/\/projetos.corabrandstudio.com\/gckbusiness\/wp-json\/wp\/v2\/pages\/16\/revisions"}],"predecessor-version":[{"id":2610,"href":"https:\/\/projetos.corabrandstudio.com\/gckbusiness\/wp-json\/wp\/v2\/pages\/16\/revisions\/2610"}],"wp:attachment":[{"href":"https:\/\/projetos.corabrandstudio.com\/gckbusiness\/wp-json\/wp\/v2\/media?parent=16"}],"curies":[{"name":"wp","href":"https:\/\/api.w.org\/{rel}","templated":true}]}}