{"id":20,"date":"2023-05-17T11:16:14","date_gmt":"2023-05-17T14:16:14","guid":{"rendered":"http:\/\/projetos.corabrandstudio.com\/gckbusiness\/?page_id=20"},"modified":"2023-06-01T13:57:53","modified_gmt":"2023-06-01T16:57:53","slug":"consulta-de-infracoes","status":"publish","type":"page","link":"https:\/\/projetos.corabrandstudio.com\/gckbusiness\/consulta-de-infracoes\/","title":{"rendered":"Consulta de Infra\u00e7\u00f5es"},"content":{"rendered":"\t\t<div data-elementor-type=\"wp-page\" data-elementor-id=\"20\" class=\"elementor elementor-20\">\n\t\t\t\t\t\t\t<div class=\"elementor-element elementor-element-99a3453 e-con-boxed e-flex e-con\" data-id=\"99a3453\" data-element_type=\"container\" data-settings=\"{&quot;background_background&quot;:&quot;classic&quot;,&quot;content_width&quot;:&quot;boxed&quot;}\">\n\t\t\t\t\t<div class=\"e-con-inner\">\n\t\t\t\t<div class=\"elementor-element elementor-element-1730257 elementor-position-left elementor-widget__width-initial elementor-widget-mobile__width-initial animated-slow elementor-vertical-align-top elementor-invisible elementor-widget elementor-widget-image-box\" data-id=\"1730257\" data-element_type=\"widget\" data-settings=\"{&quot;_animation&quot;:&quot;fadeIn&quot;}\" data-widget_type=\"image-box.default\">\n\t\t\t\t<div class=\"elementor-widget-container\">\n\t\t\t<style>\/*! elementor - v3.13.2 - 11-05-2023 *\/\n.elementor-widget-image-box .elementor-image-box-content{width:100%}@media (min-width:768px){.elementor-widget-image-box.elementor-position-left .elementor-image-box-wrapper,.elementor-widget-image-box.elementor-position-right .elementor-image-box-wrapper{display:flex}.elementor-widget-image-box.elementor-position-right .elementor-image-box-wrapper{text-align:right;flex-direction:row-reverse}.elementor-widget-image-box.elementor-position-left .elementor-image-box-wrapper{text-align:left;flex-direction:row}.elementor-widget-image-box.elementor-position-top .elementor-image-box-img{margin:auto}.elementor-widget-image-box.elementor-vertical-align-top .elementor-image-box-wrapper{align-items:flex-start}.elementor-widget-image-box.elementor-vertical-align-middle .elementor-image-box-wrapper{align-items:center}.elementor-widget-image-box.elementor-vertical-align-bottom .elementor-image-box-wrapper{align-items:flex-end}}@media (max-width:767px){.elementor-widget-image-box .elementor-image-box-img{margin-left:auto!important;margin-right:auto!important;margin-bottom:15px}}.elementor-widget-image-box .elementor-image-box-img{display:inline-block}.elementor-widget-image-box .elementor-image-box-title a{color:inherit}.elementor-widget-image-box .elementor-image-box-wrapper{text-align:center}.elementor-widget-image-box .elementor-image-box-description{margin:0}<\/style><div class=\"elementor-image-box-wrapper\"><div class=\"elementor-image-box-content\"><h1 class=\"elementor-image-box-title\">Consulta de Infra\u00e7\u00f5es<\/h1><p class=\"elementor-image-box-description\">Disponibilizamos abaixo os links para que consiga consultar as infra\u00e7\u00f5es e multas.<\/p><\/div><\/div>\t\t<\/div>\n\t\t\t\t<\/div>\n\t\t\t\t\t<\/div>\n\t\t\t\t<\/div>\n\t\t<div class=\"elementor-element elementor-element-58785c4b e-con-full e-flex e-con\" data-id=\"58785c4b\" data-element_type=\"container\" data-settings=\"{&quot;background_background&quot;:&quot;classic&quot;,&quot;content_width&quot;:&quot;full&quot;}\">\n\t\t<div class=\"elementor-element elementor-element-29b61cdc e-grid animated-slow e-con-boxed elementor-invisible e-con\" data-id=\"29b61cdc\" data-element_type=\"container\" data-settings=\"{&quot;background_background&quot;:&quot;classic&quot;,&quot;grid_columns_grid_tablet&quot;:{&quot;unit&quot;:&quot;fr&quot;,&quot;size&quot;:2,&quot;sizes&quot;:[]},&quot;animation&quot;:&quot;fadeInUp&quot;,&quot;grid_columns_grid&quot;:{&quot;unit&quot;:&quot;fr&quot;,&quot;size&quot;:4,&quot;sizes&quot;:[]},&quot;content_width&quot;:&quot;boxed&quot;,&quot;grid_outline&quot;:&quot;yes&quot;,&quot;grid_columns_grid_mobile&quot;:{&quot;unit&quot;:&quot;fr&quot;,&quot;size&quot;:1,&quot;sizes&quot;:[]},&quot;grid_rows_grid&quot;:{&quot;unit&quot;:&quot;fr&quot;,&quot;size&quot;:2,&quot;sizes&quot;:[]},&quot;grid_rows_grid_tablet&quot;:{&quot;unit&quot;:&quot;fr&quot;,&quot;size&quot;:&quot;&quot;,&quot;sizes&quot;:[]},&quot;grid_rows_grid_mobile&quot;:{&quot;unit&quot;:&quot;fr&quot;,&quot;size&quot;:&quot;&quot;,&quot;sizes&quot;:[]}}\">\n\t\t\t\t\t<div class=\"e-con-inner\">\n\t\t\t\t<div class=\"elementor-element elementor-element-66a54a2 elementor-widget-tablet__width-inherit elementor-position-left elementor-widget-mobile__width-inherit elementor-view-default elementor-mobile-position-top elementor-vertical-align-top elementor-widget elementor-widget-icon-box\" data-id=\"66a54a2\" data-element_type=\"widget\" data-widget_type=\"icon-box.default\">\n\t\t\t\t<div class=\"elementor-widget-container\">\n\t\t\t<link rel=\"stylesheet\" href=\"http:\/\/projetos.corabrandstudio.com\/gckbusiness\/wp-content\/plugins\/elementor\/assets\/css\/widget-icon-box.min.css\">\t\t<div class=\"elementor-icon-box-wrapper\">\n\t\t\t\t\t\t<div class=\"elementor-icon-box-icon\">\n\t\t\t\t<a class=\"elementor-icon elementor-animation-shrink\" href=\"https:\/\/servicos.ibama.gov.br\/ctf\/publico\/areasembargadas\/ConsultaPublicaAreasEmbargadas.php\" target=\"_blank\">\n\t\t\t\t<svg xmlns=\"http:\/\/www.w3.org\/2000\/svg\" width=\"26\" height=\"26\" viewBox=\"0 0 26 26\" fill=\"none\"><path fill-rule=\"evenodd\" clip-rule=\"evenodd\" d=\"M12.1421 11.0707C10.2482 11.0707 8.71289 12.6061 8.71289 14.5C8.71289 16.394 10.2482 17.9293 12.1421 17.9293C14.9359 17.9293 15.6215 14.4991 17.2224 13.5848C16.0288 11.9822 14.1403 11.0475 12.1421 11.0707Z\" stroke=\"#D9C08A\" stroke-width=\"1.39\" stroke-linecap=\"round\" stroke-linejoin=\"round\"><\/path><path d=\"M12.5569 14.127C10.6391 14.4477 8.94899 15.5707 7.91016 17.2143\" stroke=\"#D9C08A\" stroke-width=\"1.39\" stroke-linecap=\"round\" stroke-linejoin=\"round\"><\/path><path fill-rule=\"evenodd\" clip-rule=\"evenodd\" d=\"M12.5 23C17.1944 23 21 19.1944 21 14.5C21 9.80558 17.1944 6 12.5 6C7.80558 6 4 9.80558 4 14.5C4 19.1944 7.80558 23 12.5 23Z\" stroke=\"#D9C08A\" stroke-width=\"1.39\" stroke-linecap=\"round\" stroke-linejoin=\"round\"><\/path><\/svg>\t\t\t\t<\/a>\n\t\t\t<\/div>\n\t\t\t\t\t\t<div class=\"elementor-icon-box-content\">\n\t\t\t\t<h4 class=\"elementor-icon-box-title\">\n\t\t\t\t\t<a href=\"https:\/\/servicos.ibama.gov.br\/ctf\/publico\/areasembargadas\/ConsultaPublicaAreasEmbargadas.php\" target=\"_blank\" >\n\t\t\t\t\t\tCONSULTA IBAMA\t\t\t\t\t<\/a>\n\t\t\t\t<\/h4>\n\t\t\t\t\t\t\t<\/div>\n\t\t<\/div>\n\t\t\t\t<\/div>\n\t\t\t\t<\/div>\n\t\t\t\t<div class=\"elementor-element elementor-element-2f14eb8b elementor-widget-tablet__width-inherit elementor-position-left elementor-widget-mobile__width-inherit elementor-view-default elementor-mobile-position-top elementor-vertical-align-top elementor-widget elementor-widget-icon-box\" data-id=\"2f14eb8b\" data-element_type=\"widget\" data-widget_type=\"icon-box.default\">\n\t\t\t\t<div class=\"elementor-widget-container\">\n\t\t\t\t\t<div class=\"elementor-icon-box-wrapper\">\n\t\t\t\t\t\t<div class=\"elementor-icon-box-icon\">\n\t\t\t\t<a class=\"elementor-icon elementor-animation-shrink\" href=\"https:\/\/portal.stf.jus.br\/\" target=\"_blank\">\n\t\t\t\t<svg xmlns=\"http:\/\/www.w3.org\/2000\/svg\" width=\"26\" height=\"26\" viewBox=\"0 0 26 26\" fill=\"none\"><path d=\"M6.5 18.3333V10.3333\" stroke=\"#D9C08A\" stroke-width=\"1.39\" stroke-linecap=\"round\" stroke-linejoin=\"round\"><\/path><path d=\"M18.5 10.3333V18.3333\" stroke=\"#D9C08A\" stroke-width=\"1.39\" stroke-linecap=\"round\" stroke-linejoin=\"round\"><\/path><path d=\"M9.5 10.3333V18.3333\" stroke=\"#D9C08A\" stroke-width=\"1.39\" stroke-linecap=\"round\" stroke-linejoin=\"round\"><\/path><path d=\"M12.5 10.3333V18.3333\" stroke=\"#D9C08A\" stroke-width=\"1.39\" stroke-linecap=\"round\" stroke-linejoin=\"round\"><\/path><path d=\"M15.5 10.3333V18.3333\" stroke=\"#D9C08A\" stroke-width=\"1.39\" stroke-linecap=\"round\" stroke-linejoin=\"round\"><\/path><path d=\"M12.4993 7.91113C12.4475 7.91113 12.4055 7.96091 12.4063 8.02224C12.4063 8.08358 12.4483 8.13335 12.5 8.13335C12.5518 8.13335 12.5938 8.08358 12.5938 8.02224C12.593 7.96091 12.551 7.91113 12.4993 7.91113Z\" stroke=\"#D9C08A\" stroke-width=\"1.39\" stroke-linecap=\"round\" stroke-linejoin=\"round\"><\/path><path fill-rule=\"evenodd\" clip-rule=\"evenodd\" d=\"M19.625 10.3333H5.375V7.98756L12.5 5L19.625 7.98756V10.3333Z\" stroke=\"#D9C08A\" stroke-width=\"1.39\" stroke-linecap=\"round\" stroke-linejoin=\"round\"><\/path><path fill-rule=\"evenodd\" clip-rule=\"evenodd\" d=\"M19.25 18.3333H5.75L5 19.2221V20.9999H20V19.2221L19.25 18.3333Z\" stroke=\"#D9C08A\" stroke-width=\"1.39\" stroke-linecap=\"round\" stroke-linejoin=\"round\"><\/path><\/svg>\t\t\t\t<\/a>\n\t\t\t<\/div>\n\t\t\t\t\t\t<div class=\"elementor-icon-box-content\">\n\t\t\t\t<h4 class=\"elementor-icon-box-title\">\n\t\t\t\t\t<a href=\"https:\/\/portal.stf.jus.br\/\" target=\"_blank\" >\n\t\t\t\t\t\tCONSULTA STF\t\t\t\t\t<\/a>\n\t\t\t\t<\/h4>\n\t\t\t\t\t\t\t<\/div>\n\t\t<\/div>\n\t\t\t\t<\/div>\n\t\t\t\t<\/div>\n\t\t\t\t<div class=\"elementor-element elementor-element-6d309e2a elementor-widget-tablet__width-inherit elementor-position-left elementor-widget-mobile__width-inherit elementor-view-default elementor-mobile-position-top elementor-vertical-align-top elementor-widget elementor-widget-icon-box\" data-id=\"6d309e2a\" data-element_type=\"widget\" data-widget_type=\"icon-box.default\">\n\t\t\t\t<div class=\"elementor-widget-container\">\n\t\t\t\t\t<div class=\"elementor-icon-box-wrapper\">\n\t\t\t\t\t\t<div class=\"elementor-icon-box-icon\">\n\t\t\t\t<a class=\"elementor-icon elementor-animation-shrink\" href=\"https:\/\/processo.stj.jus.br\/processo\/pesquisa\/?aplicacao=processos.ea\" target=\"_blank\">\n\t\t\t\t<svg xmlns=\"http:\/\/www.w3.org\/2000\/svg\" width=\"26\" height=\"26\" viewBox=\"0 0 26 26\" fill=\"none\"><path d=\"M11.6735 7.66187H7.07812\" stroke=\"#D9C08A\" stroke-width=\"1.39\" stroke-linecap=\"round\" stroke-linejoin=\"round\"><\/path><path d=\"M14.508 6.48678C15.1571 7.13582 15.1571 8.18812 14.508 8.83715C13.859 9.48619 12.8067 9.48619 12.1577 8.83715C11.5086 8.18812 11.5086 7.13582 12.1577 6.48678C12.8067 5.83774 13.859 5.83774 14.508 6.48678Z\" stroke=\"#D9C08A\" stroke-width=\"1.39\" stroke-linecap=\"round\" stroke-linejoin=\"round\"><\/path><path d=\"M19.5435 7.66187H14.998\" stroke=\"#D9C08A\" stroke-width=\"1.39\" stroke-linecap=\"round\" stroke-linejoin=\"round\"><\/path><path d=\"M7.07812 20.75H19.5429\" stroke=\"#D9C08A\" stroke-width=\"1.39\" stroke-linecap=\"round\" stroke-linejoin=\"round\"><\/path><path d=\"M13.3355 9.32397L13.3105 20.75\" stroke=\"#D9C08A\" stroke-width=\"1.39\" stroke-linecap=\"round\" stroke-linejoin=\"round\"><\/path><path fill-rule=\"evenodd\" clip-rule=\"evenodd\" d=\"M10.6628 14.4986C10.7575 14.6482 10.8115 14.8235 10.7949 14.9997C10.6561 16.4771 9.41297 17.6339 7.89892 17.6339C6.3857 17.6339 5.14255 16.478 5.00295 15.0005C4.98633 14.8243 5.04117 14.6457 5.13674 14.4961L7.89892 10.155C7.89892 10.155 10.0753 13.5745 10.6628 14.4986Z\" stroke=\"#D9C08A\" stroke-width=\"1.39\" stroke-linecap=\"round\" stroke-linejoin=\"round\"><\/path><path d=\"M10.768 14.7253H5.03418\" stroke=\"#D9C08A\" stroke-width=\"1.39\" stroke-linecap=\"round\" stroke-linejoin=\"round\"><\/path><path fill-rule=\"evenodd\" clip-rule=\"evenodd\" d=\"M21.4889 14.4986C21.5837 14.6482 21.6377 14.8235 21.6211 14.9997C21.4823 16.4771 20.2391 17.6339 18.7251 17.6339C17.2119 17.6339 15.9687 16.478 15.8291 15.0005C15.8125 14.8243 15.8673 14.6457 15.9629 14.4961L18.7251 10.155C18.7251 10.155 20.9006 13.5745 21.4889 14.4986Z\" stroke=\"#D9C08A\" stroke-width=\"1.39\" stroke-linecap=\"round\" stroke-linejoin=\"round\"><\/path><path d=\"M21.5966 14.7253H15.8545\" stroke=\"#D9C08A\" stroke-width=\"1.39\" stroke-linecap=\"round\" stroke-linejoin=\"round\"><\/path><\/svg>\t\t\t\t<\/a>\n\t\t\t<\/div>\n\t\t\t\t\t\t<div class=\"elementor-icon-box-content\">\n\t\t\t\t<h4 class=\"elementor-icon-box-title\">\n\t\t\t\t\t<a href=\"https:\/\/processo.stj.jus.br\/processo\/pesquisa\/?aplicacao=processos.ea\" target=\"_blank\" >\n\t\t\t\t\t\tCONSULTA STJ\t\t\t\t\t<\/a>\n\t\t\t\t<\/h4>\n\t\t\t\t\t\t\t<\/div>\n\t\t<\/div>\n\t\t\t\t<\/div>\n\t\t\t\t<\/div>\n\t\t\t\t<div class=\"elementor-element elementor-element-48cafb0 elementor-widget-tablet__width-inherit elementor-position-left elementor-widget-mobile__width-inherit elementor-view-default elementor-mobile-position-top elementor-vertical-align-top elementor-widget elementor-widget-icon-box\" data-id=\"48cafb0\" data-element_type=\"widget\" data-widget_type=\"icon-box.default\">\n\t\t\t\t<div class=\"elementor-widget-container\">\n\t\t\t\t\t<div class=\"elementor-icon-box-wrapper\">\n\t\t\t\t\t\t<div class=\"elementor-icon-box-icon\">\n\t\t\t\t<a class=\"elementor-icon elementor-animation-shrink\" href=\"https:\/\/servicos.ibama.gov.br\/ctf\/sistema.php\" target=\"_blank\">\n\t\t\t\t<svg xmlns=\"http:\/\/www.w3.org\/2000\/svg\" width=\"26\" height=\"26\" viewBox=\"0 0 26 26\" fill=\"none\"><path d=\"M19.2097 19.9999L17.7539 18.5442\" stroke=\"#D9C08A\" stroke-width=\"1.39\" stroke-linecap=\"round\" stroke-linejoin=\"round\"><\/path><path d=\"M15.4133 12.8948C17.2402 12.8948 18.7211 14.3758 18.7211 16.2026C18.694 18.0181 17.2288 19.4834 15.4133 19.5105C13.5864 19.5105 12.1055 18.0295 12.1055 16.2026C12.1055 14.3758 13.5864 12.8948 15.4133 12.8948Z\" stroke=\"#D9C08A\" stroke-width=\"1.39\" stroke-linecap=\"round\" stroke-linejoin=\"round\"><\/path><path d=\"M5 16.0525V17.6314C5 18.5034 5.70691 19.2103 6.57893 19.2103H9.73681\" stroke=\"#D9C08A\" stroke-width=\"1.39\" stroke-linecap=\"round\" stroke-linejoin=\"round\"><\/path><path d=\"M19.2103 11.316V7.36872C19.2103 6.4967 18.5033 5.78979 17.6314 5.78979H12.8945\" stroke=\"#D9C08A\" stroke-width=\"1.39\" stroke-linecap=\"round\" stroke-linejoin=\"round\"><\/path><path d=\"M16.5379 15.6238L15.1319 17.0291L14.2871 16.1867\" stroke=\"#D9C08A\" stroke-width=\"1.39\" stroke-linecap=\"round\" stroke-linejoin=\"round\"><\/path><path fill-rule=\"evenodd\" clip-rule=\"evenodd\" d=\"M10.5262 12.5H5.39473C5.17673 12.5 5 12.3233 5 12.1052V11.7847C5.0026 10.8728 5.74121 10.1342 6.65313 10.1316H9.26783C10.1797 10.1342 10.9184 10.8728 10.921 11.7847V12.1052C10.921 12.3233 10.7443 12.5 10.5262 12.5Z\" stroke=\"#D9C08A\" stroke-width=\"1.39\" stroke-linecap=\"round\" stroke-linejoin=\"round\"><\/path><path fill-rule=\"evenodd\" clip-rule=\"evenodd\" d=\"M7.96075 8.15786C7.08956 8.15786 6.383 7.45222 6.38184 6.58103C6.38068 5.70984 7.08537 5.00233 7.95656 5.00001C8.82778 4.99769 9.53623 5.70143 9.53972 6.57262C9.54137 6.99247 9.37578 7.3957 9.07944 7.69318C8.78315 7.99065 8.38061 8.15786 7.96075 8.15786Z\" stroke=\"#D9C08A\" stroke-width=\"1.39\" stroke-linecap=\"round\" stroke-linejoin=\"round\"><\/path><\/svg>\t\t\t\t<\/a>\n\t\t\t<\/div>\n\t\t\t\t\t\t<div class=\"elementor-icon-box-content\">\n\t\t\t\t<h4 class=\"elementor-icon-box-title\">\n\t\t\t\t\t<a href=\"https:\/\/servicos.ibama.gov.br\/ctf\/sistema.php\" target=\"_blank\" >\n\t\t\t\t\t\tCONSULTA DOF\t\t\t\t\t<\/a>\n\t\t\t\t<\/h4>\n\t\t\t\t\t\t\t<\/div>\n\t\t<\/div>\n\t\t\t\t<\/div>\n\t\t\t\t<\/div>\n\t\t\t\t<div class=\"elementor-element elementor-element-f3add15 elementor-widget-tablet__width-inherit elementor-position-left elementor-widget-mobile__width-inherit elementor-view-default elementor-mobile-position-top elementor-vertical-align-top elementor-widget elementor-widget-icon-box\" data-id=\"f3add15\" data-element_type=\"widget\" data-widget_type=\"icon-box.default\">\n\t\t\t\t<div class=\"elementor-widget-container\">\n\t\t\t\t\t<div class=\"elementor-icon-box-wrapper\">\n\t\t\t\t\t\t<div class=\"elementor-icon-box-icon\">\n\t\t\t\t<a class=\"elementor-icon elementor-animation-shrink\" href=\"http:\/\/mtr.ima.sc.gov.br\/\" target=\"_blank\">\n\t\t\t\t<svg xmlns=\"http:\/\/www.w3.org\/2000\/svg\" width=\"26\" height=\"26\" viewBox=\"0 0 26 26\" fill=\"none\"><path fill-rule=\"evenodd\" clip-rule=\"evenodd\" d=\"M18.5799 17.1875H15.6082C15.3217 17.1875 15.0532 17.3232 14.8946 17.5491L14.5464 18.0439C14.3878 18.2697 14.1193 18.4054 13.8328 18.4054H9.60469C9.3182 18.4054 9.04978 18.2697 8.89109 18.0439L8.54292 17.5491C8.3834 17.3232 8.11582 17.1875 7.82851 17.1875H4.85764C4.38422 17.1875 4 17.5515 4 18V18.8125C4 19.7103 4.76759 20.4375 5.71528 20.4375H17.7223C18.6699 20.4375 19.4375 19.7103 19.4375 18.8125V18C19.4375 17.5515 19.0533 17.1875 18.5799 17.1875Z\" stroke=\"#D9C08A\" stroke-width=\"1.39\" stroke-linecap=\"round\" stroke-linejoin=\"round\"><\/path><path d=\"M11.3125 6.625H6.25712C5.45925 6.625 4.8125 7.24379 4.8125 8.00781V17.1875\" stroke=\"#D9C08A\" stroke-width=\"1.39\" stroke-linecap=\"round\" stroke-linejoin=\"round\"><\/path><path d=\"M18.625 17.1875V13.9375\" stroke=\"#D9C08A\" stroke-width=\"1.39\" stroke-linecap=\"round\" stroke-linejoin=\"round\"><\/path><path d=\"M18.625 9.875L21.0625 11.5\" stroke=\"#D9C08A\" stroke-width=\"1.39\" stroke-linecap=\"round\" stroke-linejoin=\"round\"><\/path><path d=\"M18.6046 5.83291C19.7151 6.94346 19.7151 8.74403 18.6046 9.85458C17.494 10.9651 15.6934 10.9651 14.5829 9.85458C13.4724 8.74402 13.4724 6.94346 14.5829 5.83291C15.6934 4.72236 17.494 4.72236 18.6046 5.83291Z\" stroke=\"#D9C08A\" stroke-width=\"1.39\" stroke-linecap=\"round\" stroke-linejoin=\"round\"><\/path><\/svg>\t\t\t\t<\/a>\n\t\t\t<\/div>\n\t\t\t\t\t\t<div class=\"elementor-icon-box-content\">\n\t\t\t\t<h4 class=\"elementor-icon-box-title\">\n\t\t\t\t\t<a href=\"http:\/\/mtr.ima.sc.gov.br\/\" target=\"_blank\" >\n\t\t\t\t\t\tCONSULTA MTR\t\t\t\t\t<\/a>\n\t\t\t\t<\/h4>\n\t\t\t\t\t\t\t<\/div>\n\t\t<\/div>\n\t\t\t\t<\/div>\n\t\t\t\t<\/div>\n\t\t\t\t<div class=\"elementor-element elementor-element-67b833b elementor-widget-tablet__width-inherit elementor-position-left elementor-widget-mobile__width-inherit elementor-view-default elementor-mobile-position-top elementor-vertical-align-top elementor-widget elementor-widget-icon-box\" data-id=\"67b833b\" data-element_type=\"widget\" data-widget_type=\"icon-box.default\">\n\t\t\t\t<div class=\"elementor-widget-container\">\n\t\t\t\t\t<div class=\"elementor-icon-box-wrapper\">\n\t\t\t\t\t\t<div class=\"elementor-icon-box-icon\">\n\t\t\t\t<a class=\"elementor-icon elementor-animation-shrink\" href=\"https:\/\/servicos.ibama.gov.br\/licenciamento\/consulta_empreendimentos.php\" target=\"_blank\">\n\t\t\t\t<svg xmlns=\"http:\/\/www.w3.org\/2000\/svg\" width=\"26\" height=\"26\" viewBox=\"0 0 26 26\" fill=\"none\"><path d=\"M17.1855 14.4746V7.96696C17.1855 7.48604 16.9941 7.02419 16.6538 6.68393L14.0878 4.11789C13.7475 3.77763 13.2857 3.58618 12.8048 3.58618H6.29715C5.29451 3.58618 4.48242 4.39827 4.48242 5.40091V18.1041C4.48242 19.1066 5.29451 19.9188 6.29715 19.9188H11.7413\" stroke=\"#D9C08A\" stroke-width=\"1.38897\" stroke-linecap=\"round\" stroke-linejoin=\"round\"><\/path><path d=\"M19.0007 17.1968L16.2786 19.9189L14.4639 18.1042\" stroke=\"#D9C08A\" stroke-width=\"1.38897\" stroke-linecap=\"round\" stroke-linejoin=\"round\"><\/path><path d=\"M7.2041 10.845H12.6483\" stroke=\"#D9C08A\" stroke-width=\"1.38897\" stroke-linecap=\"round\" stroke-linejoin=\"round\"><\/path><path d=\"M7.2041 13.5671H12.6483\" stroke=\"#D9C08A\" stroke-width=\"1.38897\" stroke-linecap=\"round\" stroke-linejoin=\"round\"><\/path><path d=\"M7.2041 16.2893H11.1329\" stroke=\"#D9C08A\" stroke-width=\"1.38897\" stroke-linecap=\"round\" stroke-linejoin=\"round\"><\/path><path d=\"M17.1862 8.12297H13.5568C13.0559 8.12297 12.6494 7.71651 12.6494 7.21564V3.58618\" stroke=\"#D9C08A\" stroke-width=\"1.38897\" stroke-linecap=\"round\" stroke-linejoin=\"round\"><\/path><\/svg>\t\t\t\t<\/a>\n\t\t\t<\/div>\n\t\t\t\t\t\t<div class=\"elementor-icon-box-content\">\n\t\t\t\t<h4 class=\"elementor-icon-box-title\">\n\t\t\t\t\t<a href=\"https:\/\/servicos.ibama.gov.br\/licenciamento\/consulta_empreendimentos.php\" target=\"_blank\" >\n\t\t\t\t\t\tLICENC. AMBIENTAL\t\t\t\t\t<\/a>\n\t\t\t\t<\/h4>\n\t\t\t\t\t\t\t<\/div>\n\t\t<\/div>\n\t\t\t\t<\/div>\n\t\t\t\t<\/div>\n\t\t\t\t<div class=\"elementor-element elementor-element-e403a83 elementor-widget-tablet__width-inherit elementor-position-left elementor-widget-mobile__width-inherit elementor-view-default elementor-mobile-position-top elementor-vertical-align-top elementor-widget elementor-widget-icon-box\" data-id=\"e403a83\" data-element_type=\"widget\" data-widget_type=\"icon-box.default\">\n\t\t\t\t<div class=\"elementor-widget-container\">\n\t\t\t\t\t<div class=\"elementor-icon-box-wrapper\">\n\t\t\t\t\t\t<div class=\"elementor-icon-box-icon\">\n\t\t\t\t<a class=\"elementor-icon elementor-animation-shrink\" href=\"https:\/\/www.car.gov.br\/\" target=\"_blank\">\n\t\t\t\t<svg xmlns=\"http:\/\/www.w3.org\/2000\/svg\" width=\"26\" height=\"26\" viewBox=\"0 0 26 26\" fill=\"none\"><path fill-rule=\"evenodd\" clip-rule=\"evenodd\" d=\"M18.4444 20.75H7.55556C6.69611 20.75 6 20.0166 6 19.1111V7.63889C6 6.7334 6.69611 6 7.55556 6H18.4444C19.3039 6 20 6.7334 20 7.63889V19.1111C20 20.0166 19.3039 20.75 18.4444 20.75Z\" stroke=\"#D9C08A\" stroke-width=\"1.39\" stroke-linecap=\"round\" stroke-linejoin=\"round\"><\/path><path d=\"M9.11035 9.27783H16.8881\" stroke=\"#D9C08A\" stroke-width=\"1.39\" stroke-linecap=\"round\" stroke-linejoin=\"round\"><\/path><path d=\"M9.11035 12.5557H16.8881\" stroke=\"#D9C08A\" stroke-width=\"1.39\" stroke-linecap=\"round\" stroke-linejoin=\"round\"><\/path><path d=\"M6 15.8333H9.40822C9.703 15.8333 9.97211 16.0086 10.1036 16.2864L10.4512 17.019C10.5834 17.2968 10.8526 17.4721 11.1473 17.4721H14.8527C15.1474 17.4721 15.4166 17.2968 15.548 17.019L15.8957 16.2864C16.0279 16.0086 16.297 15.8333 16.5918 15.8333H20\" stroke=\"#D9C08A\" stroke-width=\"1.39\" stroke-linecap=\"round\" stroke-linejoin=\"round\"><\/path><\/svg>\t\t\t\t<\/a>\n\t\t\t<\/div>\n\t\t\t\t\t\t<div class=\"elementor-icon-box-content\">\n\t\t\t\t<h4 class=\"elementor-icon-box-title\">\n\t\t\t\t\t<a href=\"https:\/\/www.car.gov.br\/\" target=\"_blank\" >\n\t\t\t\t\t\tCAR (CADASTRO AMBIENTAL RURAL)\t\t\t\t\t<\/a>\n\t\t\t\t<\/h4>\n\t\t\t\t\t\t\t<\/div>\n\t\t<\/div>\n\t\t\t\t<\/div>\n\t\t\t\t<\/div>\n\t\t\t\t<div class=\"elementor-element elementor-element-fd68a85 elementor-widget-tablet__width-inherit elementor-position-left elementor-widget-mobile__width-inherit elementor-view-default elementor-mobile-position-top elementor-vertical-align-top elementor-widget elementor-widget-icon-box\" data-id=\"fd68a85\" data-element_type=\"widget\" data-widget_type=\"icon-box.default\">\n\t\t\t\t<div class=\"elementor-widget-container\">\n\t\t\t\t\t<div class=\"elementor-icon-box-wrapper\">\n\t\t\t\t\t\t<div class=\"elementor-icon-box-icon\">\n\t\t\t\t<a class=\"elementor-icon elementor-animation-shrink\" href=\"https:\/\/servicos.ibama.gov.br\/ctf\/publico\/certificado_regularidade.php\" target=\"_blank\">\n\t\t\t\t<svg xmlns=\"http:\/\/www.w3.org\/2000\/svg\" width=\"26\" height=\"26\" viewBox=\"0 0 26 26\" fill=\"none\"><path d=\"M18 11.6667V9.02333C18 8.58167 17.8191 8.1575 17.4977 7.845L15.0737 5.48833C14.7523 5.17583 14.316 5 13.8617 5H7.71429C6.76714 5 6 5.74583 6 6.66667V18.3333C6 19.2542 6.76714 20 7.71429 20H11.1429\" stroke=\"#D9C08A\" stroke-width=\"1.39\" stroke-linecap=\"round\" stroke-linejoin=\"round\"><\/path><path d=\"M18 9H14.8C14.3584 9 14 8.6416 14 8.2V5\" stroke=\"#D9C08A\" stroke-width=\"1.39\" stroke-linecap=\"round\" stroke-linejoin=\"round\"><\/path><path fill-rule=\"evenodd\" clip-rule=\"evenodd\" d=\"M15.0032 14L19 17L15 19L15.0032 14Z\" stroke=\"#D9C08A\" stroke-width=\"1.39\" stroke-linecap=\"round\" stroke-linejoin=\"round\"><\/path><path d=\"M17 18L18 20\" stroke=\"#D9C08A\" stroke-width=\"1.39\" stroke-linecap=\"round\" stroke-linejoin=\"round\"><\/path><\/svg>\t\t\t\t<\/a>\n\t\t\t<\/div>\n\t\t\t\t\t\t<div class=\"elementor-icon-box-content\">\n\t\t\t\t<h4 class=\"elementor-icon-box-title\">\n\t\t\t\t\t<a href=\"https:\/\/servicos.ibama.gov.br\/ctf\/publico\/certificado_regularidade.php\" target=\"_blank\" >\n\t\t\t\t\t\tCADASTRO T\u00c9CNICO FEDERAL IBAMA\t\t\t\t\t<\/a>\n\t\t\t\t<\/h4>\n\t\t\t\t\t\t\t<\/div>\n\t\t<\/div>\n\t\t\t\t<\/div>\n\t\t\t\t<\/div>\n\t\t\t\t\t<\/div>\n\t\t\t\t<\/div>\n\t\t\t\t<\/div>\n\t\t\t\t\t\t\t<\/div>\n\t\t","protected":false},"excerpt":{"rendered":"<p>Consulta de Infra\u00e7\u00f5es Disponibilizamos abaixo os links para que consiga consultar as infra\u00e7\u00f5es e multas. CONSULTA IBAMA CONSULTA STF CONSULTA STJ CONSULTA DOF CONSULTA MTR LICENC. AMBIENTAL CAR (CADASTRO AMBIENTAL RURAL) CADASTRO T\u00c9CNICO FEDERAL IBAMA<\/p>\n","protected":false},"author":1,"featured_media":0,"parent":0,"menu_order":0,"comment_status":"closed","ping_status":"closed","template":"elementor_header_footer","meta":[],"_links":{"self":[{"href":"https:\/\/projetos.corabrandstudio.com\/gckbusiness\/wp-json\/wp\/v2\/pages\/20"}],"collection":[{"href":"https:\/\/projetos.corabrandstudio.com\/gckbusiness\/wp-json\/wp\/v2\/pages"}],"about":[{"href":"https:\/\/projetos.corabrandstudio.com\/gckbusiness\/wp-json\/wp\/v2\/types\/page"}],"author":[{"embeddable":true,"href":"https:\/\/projetos.corabrandstudio.com\/gckbusiness\/wp-json\/wp\/v2\/users\/1"}],"replies":[{"embeddable":true,"href":"https:\/\/projetos.corabrandstudio.com\/gckbusiness\/wp-json\/wp\/v2\/comments?post=20"}],"version-history":[{"count":106,"href":"https:\/\/projetos.corabrandstudio.com\/gckbusiness\/wp-json\/wp\/v2\/pages\/20\/revisions"}],"predecessor-version":[{"id":2678,"href":"https:\/\/projetos.corabrandstudio.com\/gckbusiness\/wp-json\/wp\/v2\/pages\/20\/revisions\/2678"}],"wp:attachment":[{"href":"https:\/\/projetos.corabrandstudio.com\/gckbusiness\/wp-json\/wp\/v2\/media?parent=20"}],"curies":[{"name":"wp","href":"https:\/\/api.w.org\/{rel}","templated":true}]}}